{"id":81471,"date":"2021-03-30T13:36:29","date_gmt":"2021-03-30T13:36:29","guid":{"rendered":"https:\/\/verantwortung.fritz-fleischhandel.de\/?page_id=81471"},"modified":"2024-03-12T22:18:35","modified_gmt":"2024-03-12T22:18:35","slug":"verantwortung","status":"publish","type":"page","link":"https:\/\/verantwortung.fritz-fleischhandel.de\/","title":{"rendered":"Verantwortung"},"content":{"rendered":"<p>[vc_row row_height_percent=&#8220;67&#8243; back_image=&#8220;81472&#8243; overlay_color=&#8220;color-nhtu&#8220; overlay_alpha=&#8220;45&#8243; equal_height=&#8220;yes&#8220; gutter_size=&#8220;0&#8243; column_width_use_pixel=&#8220;yes&#8220; shift_y=&#8220;0&#8243; z_index=&#8220;0&#8243; row_name=&#8220;Welcome&#8220;][vc_column column_width_use_pixel=&#8220;yes&#8220; position_vertical=&#8220;middle&#8220; align_horizontal=&#8220;align_center&#8220; gutter_size=&#8220;3&#8243; style=&#8220;dark&#8220; overlay_alpha=&#8220;50&#8243; shift_x=&#8220;0&#8243; shift_y=&#8220;0&#8243; shift_y_down=&#8220;0&#8243; z_index=&#8220;0&#8243; medium_width=&#8220;0&#8243; mobile_width=&#8220;0&#8243; width=&#8220;1\/1&#8243;][vc_empty_space empty_h=&#8220;2&#8243;][vc_single_image media=&#8220;81474&#8243; media_width_percent=&#8220;13&#8243; alignment=&#8220;center&#8220; media_link=&#8220;url:https%3A%2F%2Fwww.fritz-fleischhandel.de%2F&#8220;][vc_custom_heading text_weight=&#8220;200&#8243; text_transform=&#8220;uppercase&#8220; text_height=&#8220;fontheight-524109&#8243; text_space=&#8220;fontspace-210350&#8243; text_color=&#8220;color-xsdn&#8220;]<\/p>\n<div class=\"header-main-container limit-width\">\n<div class=\"header-content header-center header-middle header-align-center\">\n<div class=\"header-content-inner blocks-animation\">\n<p class=\"header-title h2 fontspace-178756 font-weight-300 text-uppercase\"><span class=\"zoom-out animate_when_almost_visible start_animation\" data-delay=\"2000\">UNSERE VERANTWORTUNG 2023 \/ 2024<\/span><\/p>\n<\/div>\n<\/div>\n<\/div>\n<p>[\/vc_custom_heading][\/vc_column][\/vc_row][vc_row row_height_percent=&#8220;0&#8243; override_padding=&#8220;yes&#8220; h_padding=&#8220;2&#8243; top_padding=&#8220;5&#8243; bottom_padding=&#8220;5&#8243; overlay_alpha=&#8220;50&#8243; gutter_size=&#8220;3&#8243; column_width_percent=&#8220;100&#8243; shift_y=&#8220;0&#8243; z_index=&#8220;0&#8243;][vc_column column_width_percent=&#8220;81&#8243; align_horizontal=&#8220;align_center&#8220; gutter_size=&#8220;3&#8243; overlay_alpha=&#8220;50&#8243; shift_x=&#8220;0&#8243; shift_y=&#8220;0&#8243; shift_y_down=&#8220;0&#8243; z_index=&#8220;0&#8243; medium_width=&#8220;0&#8243; align_mobile=&#8220;align_center_mobile&#8220; mobile_width=&#8220;0&#8243; width=&#8220;1\/1&#8243;][vc_custom_heading heading_semantic=&#8220;h5&#8243; text_size=&#8220;h5&#8243; text_weight=&#8220;300&#8243; text_height=&#8220;fontheight-357766&#8243; text_color=&#8220;color-nhtu&#8220;]Jedes Jahr stellen wir uns erneut die Frage wie wir der Umwelt und Gesellschaft etwas zur\u00fcck geben k\u00f6nnen. Es erscheint uns, wichtiger denn je, Herzensprojekte zu unterst\u00fctzen und zu f\u00f6rdern.<\/p>\n<p>Mit unseren Spenden k\u00f6nnen wir nur einen kleinen Beitrag leisten im Vergleich zu diesem riesigen Bedarf, den wir versp\u00fcren. Doch jedes Engagement und jedes neu entfachte Bewusstsein macht unseren Planeten und unsere Gesellschaft, auch f\u00fcr die n\u00e4chsten Generationen, zu einem lebenswerten Platz.<\/p>\n<p>Helfen Sie uns gerne bei diesem Vorhaben. Wir informieren im Folgenden \u00fcber unsere \u201eHerzensorganisationen\u201c und sind sicher, dass jeder unserer Partner sich sehr \u00fcber weitere Spenden \/ ihr Engagement freuen wird![\/vc_custom_heading][\/vc_column][\/vc_row][vc_row unlock_row_content=&#8220;yes&#8220; row_height_percent=&#8220;0&#8243; override_padding=&#8220;yes&#8220; h_padding=&#8220;0&#8243; top_padding=&#8220;0&#8243; bottom_padding=&#8220;0&#8243; back_color=&#8220;color-lxmt&#8220; overlay_alpha=&#8220;50&#8243; equal_height=&#8220;yes&#8220; gutter_size=&#8220;0&#8243; column_width_percent=&#8220;100&#8243; shift_y=&#8220;0&#8243; z_index=&#8220;0&#8243; el_class=&#8220;inverted-device-order&#8220;][vc_column column_width_use_pixel=&#8220;yes&#8220; gutter_size=&#8220;3&#8243; override_padding=&#8220;yes&#8220; column_padding=&#8220;5&#8243; overlay_alpha=&#8220;50&#8243; shift_x=&#8220;0&#8243; shift_y=&#8220;0&#8243; shift_y_down=&#8220;0&#8243; z_index=&#8220;0&#8243; medium_width=&#8220;0&#8243; mobile_width=&#8220;0&#8243; width=&#8220;1\/2&#8243; column_width_pixel=&#8220;528&#8243;][vc_custom_heading heading_semantic=&#8220;h3&#8243; text_size=&#8220;h3&#8243; text_weight=&#8220;600&#8243; text_transform=&#8220;uppercase&#8220; separator=&#8220;yes&#8220; separator_color=&#8220;yes&#8220; sub_reduced=&#8220;yes&#8220;]BLACK JAGUAR FOUNDATION[\/vc_custom_heading][vc_custom_heading heading_semantic=&#8220;h5&#8243; text_size=&#8220;h5&#8243; text_weight=&#8220;300&#8243; text_height=&#8220;fontheight-357766&#8243; text_color=&#8220;color-nhtu&#8220;]Die Black Jaguar Foundation verfolgt ein klares Ziel: die massive Bepflanzung von einheimischen B\u00e4umen zur Realisierung des Araguaia Biodiversit\u00e4tskorridors, um das Leben eines jeden von uns und aller zuk\u00fcnftigen Generationen auf unserem Planeten zu verbessern.[\/vc_custom_heading][vc_button button_color=&#8220;accent&#8220; radius=&#8220;btn-circle&#8220; border_animation=&#8220;btn-ripple-out&#8220; border_width=&#8220;0&#8243; link=&#8220;url:https%3A%2F%2Fwww.black-jaguar.org%2F|target:_blank&#8220;]MEHR DAZU[\/vc_button][\/vc_column][vc_column column_width_percent=&#8220;100&#8243; gutter_size=&#8220;3&#8243; back_image=&#8220;81483&#8243; overlay_alpha=&#8220;50&#8243; shift_x=&#8220;0&#8243; shift_y=&#8220;0&#8243; shift_y_down=&#8220;0&#8243; z_index=&#8220;0&#8243; medium_width=&#8220;0&#8243; mobile_width=&#8220;0&#8243; width=&#8220;1\/2&#8243; mobile_height=&#8220;340&#8243;][\/vc_column][\/vc_row][vc_row unlock_row_content=&#8220;yes&#8220; row_height_percent=&#8220;0&#8243; override_padding=&#8220;yes&#8220; h_padding=&#8220;0&#8243; top_padding=&#8220;0&#8243; bottom_padding=&#8220;0&#8243; overlay_alpha=&#8220;50&#8243; equal_height=&#8220;yes&#8220; gutter_size=&#8220;0&#8243; column_width_percent=&#8220;100&#8243; shift_y=&#8220;0&#8243; z_index=&#8220;0&#8243; el_class=&#8220;inverted-device-order&#8220;][vc_column column_width_percent=&#8220;100&#8243; gutter_size=&#8220;3&#8243; back_image=&#8220;81485&#8243; overlay_alpha=&#8220;50&#8243; shift_x=&#8220;0&#8243; shift_y=&#8220;0&#8243; shift_y_down=&#8220;0&#8243; z_index=&#8220;0&#8243; medium_width=&#8220;0&#8243; mobile_width=&#8220;0&#8243; width=&#8220;1\/2&#8243; mobile_height=&#8220;340&#8243;][\/vc_column][vc_column column_width_use_pixel=&#8220;yes&#8220; gutter_size=&#8220;3&#8243; override_padding=&#8220;yes&#8220; column_padding=&#8220;5&#8243; overlay_alpha=&#8220;50&#8243; shift_x=&#8220;0&#8243; shift_y=&#8220;0&#8243; shift_y_down=&#8220;0&#8243; z_index=&#8220;0&#8243; medium_width=&#8220;0&#8243; mobile_width=&#8220;0&#8243; width=&#8220;1\/2&#8243; column_width_pixel=&#8220;528&#8243;][vc_custom_heading heading_semantic=&#8220;h3&#8243; text_size=&#8220;h3&#8243; text_weight=&#8220;600&#8243; text_transform=&#8220;uppercase&#8220; separator=&#8220;yes&#8220; separator_color=&#8220;yes&#8220; sub_reduced=&#8220;yes&#8220;]Himmel &amp; \u00c4\u00c4D[\/vc_custom_heading][vc_custom_heading heading_semantic=&#8220;h5&#8243; text_size=&#8220;h5&#8243; text_weight=&#8220;300&#8243; text_height=&#8220;fontheight-357766&#8243; text_color=&#8220;color-nhtu&#8220;]Das Thema Kinderarmut gewinnt leider immer mehr an Bedeutung und so besuchen bis zu 90 Kinder t\u00e4glich unsere Einrichtung in der K\u00f6lner Innenstadt. Hier werden sie u.a. mit einer warmen Mahlzeit versorgt, erhalten Unterst\u00fctzung bei den Hausaufgaben sowie gezielte Nachhilfe in den F\u00e4chern Deutsch, Mathematik und Englisch. Berufsvorbereitung geh\u00f6rt ebenso zu unseren Angeboten, wie auch die Hilfe bei der Suche nach einem Ausbildungs- oder Praktikumsplatz.<\/p>\n<p>Da wir uns rein aus Spenden finanzieren ist ein ist eine solches Betreuungsangebot nur mit Hilfe von Ihnen, unseren Sponsoren und Partnern m\u00f6glich.[\/vc_custom_heading][vc_button button_color=&#8220;accent&#8220; radius=&#8220;btn-circle&#8220; border_animation=&#8220;btn-ripple-out&#8220; border_width=&#8220;0&#8243; link=&#8220;url:https%3A%2F%2Fwww.himmelunaeaed.de%2F|target:_blank&#8220;]MEHR DAZU[\/vc_button][\/vc_column][\/vc_row]<\/p>\n","protected":false},"excerpt":{"rendered":"<p>[vc_row row_height_percent=&#8220;67&#8243; back_image=&#8220;81472&#8243; overlay_color=&#8220;color-nhtu&#8220; overlay_alpha=&#8220;45&#8243; equal_height=&#8220;yes&#8220; gutter_size=&#8220;0&#8243; column_width_use_pixel=&#8220;yes&#8220; shift_y=&#8220;0&#8243; z_index=&#8220;0&#8243; row_name=&#8220;Welcome&#8220;][vc_column column_width_use_pixel=&#8220;yes&#8220; position_vertical=&#8220;middle&#8220; align_horizontal=&#8220;align_center&#8220; gutter_size=&#8220;3&#8243; style=&#8220;dark&#8220; overlay_alpha=&#8220;50&#8243; shift_x=&#8220;0&#8243; shift_y=&#8220;0&#8243; shift_y_down=&#8220;0&#8243; [&hellip;]<\/p>\n","protected":false},"author":1,"featured_media":0,"parent":0,"menu_order":0,"comment_status":"closed","ping_status":"closed","template":"","meta":{"footnotes":""},"class_list":["post-81471","page","type-page","status-publish","hentry"],"_links":{"self":[{"href":"https:\/\/verantwortung.fritz-fleischhandel.de\/index.php\/wp-json\/wp\/v2\/pages\/81471","targetHints":{"allow":["GET"]}}],"collection":[{"href":"https:\/\/verantwortung.fritz-fleischhandel.de\/index.php\/wp-json\/wp\/v2\/pages"}],"about":[{"href":"https:\/\/verantwortung.fritz-fleischhandel.de\/index.php\/wp-json\/wp\/v2\/types\/page"}],"author":[{"embeddable":true,"href":"https:\/\/verantwortung.fritz-fleischhandel.de\/index.php\/wp-json\/wp\/v2\/users\/1"}],"replies":[{"embeddable":true,"href":"https:\/\/verantwortung.fritz-fleischhandel.de\/index.php\/wp-json\/wp\/v2\/comments?post=81471"}],"version-history":[{"count":20,"href":"https:\/\/verantwortung.fritz-fleischhandel.de\/index.php\/wp-json\/wp\/v2\/pages\/81471\/revisions"}],"predecessor-version":[{"id":81506,"href":"https:\/\/verantwortung.fritz-fleischhandel.de\/index.php\/wp-json\/wp\/v2\/pages\/81471\/revisions\/81506"}],"wp:attachment":[{"href":"https:\/\/verantwortung.fritz-fleischhandel.de\/index.php\/wp-json\/wp\/v2\/media?parent=81471"}],"curies":[{"name":"wp","href":"https:\/\/api.w.org\/{rel}","templated":true}]}}